{"id":16,"date":"2020-08-13T23:55:04","date_gmt":"2020-08-13T23:55:04","guid":{"rendered":"http:\/\/mundum-gu.org\/?page_id=16"},"modified":"2022-12-24T00:59:07","modified_gmt":"2022-12-24T00:59:07","slug":"about","status":"publish","type":"page","link":"https:\/\/mundum-gu.org\/de\/about\/","title":{"rendered":"\u00dcber Uns"},"content":{"rendered":"<div data-elementor-type=\"wp-page\" data-elementor-id=\"16\" class=\"elementor elementor-16\">\n\t\t\t\t\t\t<section class=\"elementor-section elementor-top-section elementor-element elementor-element-1553aae1 elementor-section-full_width elementor-section-stretched elementor-section-height-min-height elementor-section-items-top elementor-section-content-top elementor-section-height-default\" data-id=\"1553aae1\" data-element_type=\"section\" data-e-type=\"section\" data-settings=\"{&quot;background_background&quot;:&quot;classic&quot;,&quot;stretch_section&quot;:&quot;section-stretched&quot;}\">\n\t\t\t\t\t\t<div class=\"elementor-container elementor-column-gap-default\">\n\t\t\t\t\t<div class=\"elementor-column elementor-col-100 elementor-top-column elementor-element elementor-element-c2c4488\" data-id=\"c2c4488\" data-element_type=\"column\" data-e-type=\"column\">\n\t\t\t<div class=\"elementor-widget-wrap\">\n\t\t\t\t\t\t\t<\/div>\n\t\t<\/div>\n\t\t\t\t\t<\/div>\n\t\t<\/section>\n\t\t\t\t<section class=\"elementor-section elementor-top-section elementor-element elementor-element-f1cb310 elementor-section-boxed elementor-section-height-default elementor-section-height-default\" data-id=\"f1cb310\" data-element_type=\"section\" data-e-type=\"section\">\n\t\t\t\t\t\t<div class=\"elementor-container elementor-column-gap-default\">\n\t\t\t\t\t<div class=\"elementor-column elementor-col-100 elementor-top-column elementor-element elementor-element-d3b65e3\" data-id=\"d3b65e3\" data-element_type=\"column\" data-e-type=\"column\">\n\t\t\t<div class=\"elementor-widget-wrap elementor-element-populated\">\n\t\t\t\t\t\t<div class=\"elementor-element elementor-element-3cddf12 elementor-widget elementor-widget-heading\" data-id=\"3cddf12\" data-element_type=\"widget\" data-e-type=\"widget\" data-widget_type=\"heading.default\">\n\t\t\t\t<div class=\"elementor-widget-container\">\n\t\t\t\t\t<h2 class=\"elementor-heading-title elementor-size-default\">Mundum Germany United e.V.<\/h2>\t\t\t\t<\/div>\n\t\t\t\t<\/div>\n\t\t\t\t\t<\/div>\n\t\t<\/div>\n\t\t\t\t\t<\/div>\n\t\t<\/section>\n\t\t\t\t<section class=\"elementor-section elementor-top-section elementor-element elementor-element-5a9b134 elementor-section-boxed elementor-section-height-default elementor-section-height-default\" data-id=\"5a9b134\" data-element_type=\"section\" data-e-type=\"section\" data-settings=\"{&quot;background_background&quot;:&quot;classic&quot;}\">\n\t\t\t\t\t\t\t<div class=\"elementor-background-overlay\"><\/div>\n\t\t\t\t\t\t\t<div class=\"elementor-container elementor-column-gap-default\">\n\t\t\t\t\t<div class=\"elementor-column elementor-col-100 elementor-top-column elementor-element elementor-element-e0798c2\" data-id=\"e0798c2\" data-element_type=\"column\" data-e-type=\"column\">\n\t\t\t<div class=\"elementor-widget-wrap elementor-element-populated\">\n\t\t\t\t\t\t<div class=\"elementor-element elementor-element-144a33a elementor-widget elementor-widget-text-editor\" data-id=\"144a33a\" data-element_type=\"widget\" data-e-type=\"widget\" data-widget_type=\"text-editor.default\">\n\t\t\t\t<div class=\"elementor-widget-container\">\n\t\t\t\t\t\t\t\t\t<p>MGU Verein hat das Ziel die Mitglieder zu beraten und bei der Integration in Deutschland behilflich zu sein. Die V\u00f6lkerverst\u00e4ndigung und den Dialog zwischen den Menschen zu f\u00f6rdern, um ein friedliches Zusammen-Leben miteinander zu erm\u00f6glichen. Der Verein hat das Ziel die Volksstamm Mundum und die kulturelle Vielfalt Mundums bekannt zu machen und Entwicklungszusammenarbeit zu f\u00f6rdern.<br \/>Die Verwirklichung des Satzungszwecks und der Ziele des Vereins geschieht durch regelm\u00e4\u00dfige Treffen zum interkulturellen Austausch, Durchf\u00fchrung kulturelle Veranstaltungen mit Darbietungen, Beratung und Austausch von relevante Information durch Sozial Medien in Bezug auf Integration und Kindererziehung, Durchf\u00fchrung kollaborativer Entwicklungsprojekte in Mundum, ins besonders im Bereich von Erziehung, Kommunikation und Gesundheit.<\/p><p>Mitglied des Vereines kann jeder in Deutschland lebende Bewohner aus Mundum werden, der die Ziele des Vereins anerkennt, unterst\u00fctzt, f\u00f6rdert, und der Gemeinn\u00fctzigkeit ohne Gewinnabsicht zustimmt, der mit einer aus Mundum verheiratet oder verwandt ist, oder Jeder, der sich f\u00fcr Mundum interessiert, die Zielsetzungen des Vereines wie in der Satzung beschrieben anerkennen und bereit ist den Verein bei der Verwirklichung der Ziele zu unterstutzen.<\/p><p>\u00a0<\/p>\t\t\t\t\t\t\t\t<\/div>\n\t\t\t\t<\/div>\n\t\t\t\t\t<\/div>\n\t\t<\/div>\n\t\t\t\t\t<\/div>\n\t\t<\/section>\n\t\t\t\t<section class=\"elementor-section elementor-top-section elementor-element elementor-element-b05a669 elementor-section-boxed elementor-section-height-default elementor-section-height-default\" data-id=\"b05a669\" data-element_type=\"section\" data-e-type=\"section\" data-settings=\"{&quot;background_background&quot;:&quot;classic&quot;}\">\n\t\t\t\t\t\t<div class=\"elementor-container elementor-column-gap-default\">\n\t\t\t\t\t<div class=\"elementor-column elementor-col-100 elementor-top-column elementor-element elementor-element-7466afe\" data-id=\"7466afe\" data-element_type=\"column\" data-e-type=\"column\">\n\t\t\t<div class=\"elementor-widget-wrap elementor-element-populated\">\n\t\t\t\t\t\t<div class=\"elementor-element elementor-element-10b195a elementor-widget elementor-widget-heading\" data-id=\"10b195a\" data-element_type=\"widget\" data-e-type=\"widget\" data-widget_type=\"heading.default\">\n\t\t\t\t<div class=\"elementor-widget-container\">\n\t\t\t\t\t<h1 class=\"elementor-heading-title elementor-size-default\">Vorstand<\/h1>\t\t\t\t<\/div>\n\t\t\t\t<\/div>\n\t\t\t\t\t<\/div>\n\t\t<\/div>\n\t\t\t\t\t<\/div>\n\t\t<\/section>\n\t\t\t\t<section class=\"elementor-section elementor-top-section elementor-element elementor-element-5f30dea2 elementor-section-boxed elementor-section-height-default elementor-section-height-default\" data-id=\"5f30dea2\" data-element_type=\"section\" data-e-type=\"section\">\n\t\t\t\t\t\t\t<div class=\"elementor-background-overlay\"><\/div>\n\t\t\t\t\t\t\t<div class=\"elementor-container elementor-column-gap-default\">\n\t\t\t\t\t<div class=\"elementor-column elementor-col-50 elementor-top-column elementor-element elementor-element-68e547d2\" data-id=\"68e547d2\" data-element_type=\"column\" data-e-type=\"column\">\n\t\t\t<div class=\"elementor-widget-wrap elementor-element-populated\">\n\t\t\t\t\t\t<div class=\"elementor-element elementor-element-4e071b7b elementor-position-left elementor-vertical-align-middle elementor-widget elementor-widget-image-box\" data-id=\"4e071b7b\" data-element_type=\"widget\" data-e-type=\"widget\" data-widget_type=\"image-box.default\">\n\t\t\t\t<div class=\"elementor-widget-container\">\n\t\t\t\t\t<div class=\"elementor-image-box-wrapper\"><figure class=\"elementor-image-box-img\"><img fetchpriority=\"high\" decoding=\"async\" width=\"824\" height=\"932\" src=\"https:\/\/mundum-gu.org\/wp-content\/uploads\/2020\/08\/chm1.png\" class=\"attachment-full size-full wp-image-213\" alt=\"Chm1\" title=\"\u00dcber Uns\" srcset=\"https:\/\/mundum-gu.org\/wp-content\/uploads\/2020\/08\/chm1.png 824w, https:\/\/mundum-gu.org\/wp-content\/uploads\/2020\/08\/chm1-265x300.png 265w, https:\/\/mundum-gu.org\/wp-content\/uploads\/2020\/08\/chm1-768x869.png 768w\" sizes=\"(max-width: 824px) 100vw, 824px\" \/><\/figure><div class=\"elementor-image-box-content\"><h1 class=\"elementor-image-box-title\">Vorstandsvorsitzende<\/h1><p class=\"elementor-image-box-description\">Dr. David Njibamum<br>M\u00fcnchen Deutschland<\/p><\/div><\/div>\t\t\t\t<\/div>\n\t\t\t\t<\/div>\n\t\t\t\t\t<\/div>\n\t\t<\/div>\n\t\t\t\t<div class=\"elementor-column elementor-col-50 elementor-top-column elementor-element elementor-element-1e4828be\" data-id=\"1e4828be\" data-element_type=\"column\" data-e-type=\"column\">\n\t\t\t<div class=\"elementor-widget-wrap elementor-element-populated\">\n\t\t\t\t\t\t<div class=\"elementor-element elementor-element-5da5f52 elementor-position-left elementor-vertical-align-middle elementor-widget elementor-widget-image-box\" data-id=\"5da5f52\" data-element_type=\"widget\" data-e-type=\"widget\" data-widget_type=\"image-box.default\">\n\t\t\t\t<div class=\"elementor-widget-container\">\n\t\t\t\t\t<div class=\"elementor-image-box-wrapper\"><figure class=\"elementor-image-box-img\"><img decoding=\"async\" width=\"1152\" height=\"1064\" src=\"https:\/\/mundum-gu.org\/wp-content\/uploads\/2020\/12\/julius1.png\" class=\"attachment-full size-full wp-image-335\" alt=\"Julius1\" title=\"\u00dcber Uns\" srcset=\"https:\/\/mundum-gu.org\/wp-content\/uploads\/2020\/12\/julius1.png 1152w, https:\/\/mundum-gu.org\/wp-content\/uploads\/2020\/12\/julius1-300x277.png 300w, https:\/\/mundum-gu.org\/wp-content\/uploads\/2020\/12\/julius1-1024x946.png 1024w, https:\/\/mundum-gu.org\/wp-content\/uploads\/2020\/12\/julius1-768x709.png 768w, https:\/\/mundum-gu.org\/wp-content\/uploads\/2020\/12\/julius1-13x12.png 13w\" sizes=\"(max-width: 1152px) 100vw, 1152px\" \/><\/figure><div class=\"elementor-image-box-content\"><h1 class=\"elementor-image-box-title\">Vizepr\u00e4sident<\/h1><p class=\"elementor-image-box-description\">Herr Julius Futu<br>Wuppertal Deutschland<\/p><\/div><\/div>\t\t\t\t<\/div>\n\t\t\t\t<\/div>\n\t\t\t\t\t<\/div>\n\t\t<\/div>\n\t\t\t\t\t<\/div>\n\t\t<\/section>\n\t\t\t\t<section class=\"elementor-section elementor-top-section elementor-element elementor-element-7cdb6a5 elementor-section-boxed elementor-section-height-default elementor-section-height-default\" data-id=\"7cdb6a5\" data-element_type=\"section\" data-e-type=\"section\">\n\t\t\t\t\t\t\t<div class=\"elementor-background-overlay\"><\/div>\n\t\t\t\t\t\t\t<div class=\"elementor-container elementor-column-gap-default\">\n\t\t\t\t\t<div class=\"elementor-column elementor-col-50 elementor-top-column elementor-element elementor-element-aa25b19\" data-id=\"aa25b19\" data-element_type=\"column\" data-e-type=\"column\">\n\t\t\t<div class=\"elementor-widget-wrap elementor-element-populated\">\n\t\t\t\t\t\t<div class=\"elementor-element elementor-element-ad83948 elementor-position-left elementor-vertical-align-middle elementor-widget elementor-widget-image-box\" data-id=\"ad83948\" data-element_type=\"widget\" data-e-type=\"widget\" data-widget_type=\"image-box.default\">\n\t\t\t\t<div class=\"elementor-widget-container\">\n\t\t\t\t\t<div class=\"elementor-image-box-wrapper\"><figure class=\"elementor-image-box-img\"><img decoding=\"async\" width=\"512\" height=\"524\" src=\"https:\/\/mundum-gu.org\/wp-content\/uploads\/2020\/10\/annetes.png\" class=\"attachment-full size-full wp-image-294\" alt=\"Annet\" title=\"\u00dcber Uns\" srcset=\"https:\/\/mundum-gu.org\/wp-content\/uploads\/2020\/10\/annetes.png 512w, https:\/\/mundum-gu.org\/wp-content\/uploads\/2020\/10\/annetes-293x300.png 293w\" sizes=\"(max-width: 512px) 100vw, 512px\" \/><\/figure><div class=\"elementor-image-box-content\"><h1 class=\"elementor-image-box-title\">Sekret\u00e4r<\/h1><p class=\"elementor-image-box-description\">Frau Annete Buchberger<br>Buchum Deutschland<\/p><\/div><\/div>\t\t\t\t<\/div>\n\t\t\t\t<\/div>\n\t\t\t\t\t<\/div>\n\t\t<\/div>\n\t\t\t\t<div class=\"elementor-column elementor-col-50 elementor-top-column elementor-element elementor-element-a447a22\" data-id=\"a447a22\" data-element_type=\"column\" data-e-type=\"column\">\n\t\t\t<div class=\"elementor-widget-wrap elementor-element-populated\">\n\t\t\t\t\t\t<div class=\"elementor-element elementor-element-4c7d344 elementor-position-left elementor-vertical-align-middle elementor-widget elementor-widget-image-box\" data-id=\"4c7d344\" data-element_type=\"widget\" data-e-type=\"widget\" data-widget_type=\"image-box.default\">\n\t\t\t\t<div class=\"elementor-widget-container\">\n\t\t\t\t\t<div class=\"elementor-image-box-wrapper\"><figure class=\"elementor-image-box-img\"><img loading=\"lazy\" decoding=\"async\" width=\"140\" height=\"151\" src=\"https:\/\/mundum-gu.org\/wp-content\/uploads\/2020\/08\/juliet-e1597511331353.png\" class=\"attachment-full size-full wp-image-180\" alt=\"Juliet E1597511331353\" title=\"\u00dcber Uns\"><\/figure><div class=\"elementor-image-box-content\"><h1 class=\"elementor-image-box-title\">Vize-Sekret\u00e4rin<\/h1><p class=\"elementor-image-box-description\">Frau Juliette Ticha<br>Leverkusen Deutschland<\/p><\/div><\/div>\t\t\t\t<\/div>\n\t\t\t\t<\/div>\n\t\t\t\t\t<\/div>\n\t\t<\/div>\n\t\t\t\t\t<\/div>\n\t\t<\/section>\n\t\t\t\t<section class=\"elementor-section elementor-top-section elementor-element elementor-element-79b6be9 elementor-section-boxed elementor-section-height-default elementor-section-height-default\" data-id=\"79b6be9\" data-element_type=\"section\" data-e-type=\"section\">\n\t\t\t\t\t\t\t<div class=\"elementor-background-overlay\"><\/div>\n\t\t\t\t\t\t\t<div class=\"elementor-container elementor-column-gap-default\">\n\t\t\t\t\t<div class=\"elementor-column elementor-col-50 elementor-top-column elementor-element elementor-element-c6d1939\" data-id=\"c6d1939\" data-element_type=\"column\" data-e-type=\"column\">\n\t\t\t<div class=\"elementor-widget-wrap elementor-element-populated\">\n\t\t\t\t\t\t<div class=\"elementor-element elementor-element-e90c04a elementor-position-left elementor-vertical-align-middle elementor-widget elementor-widget-image-box\" data-id=\"e90c04a\" data-element_type=\"widget\" data-e-type=\"widget\" data-widget_type=\"image-box.default\">\n\t\t\t\t<div class=\"elementor-widget-container\">\n\t\t\t\t\t<div class=\"elementor-image-box-wrapper\"><figure class=\"elementor-image-box-img\"><img loading=\"lazy\" decoding=\"async\" width=\"140\" height=\"131\" src=\"https:\/\/mundum-gu.org\/wp-content\/uploads\/2020\/08\/judith-e1597448870757.png\" class=\"attachment-full size-full wp-image-152\" alt=\"Judith E1597448870757\" title=\"\u00dcber Uns\"><\/figure><div class=\"elementor-image-box-content\"><h1 class=\"elementor-image-box-title\">Finanzsekret\u00e4r<\/h1><p class=\"elementor-image-box-description\">Frau Judith Futu<br>Remscheid Deutschland<\/p><\/div><\/div>\t\t\t\t<\/div>\n\t\t\t\t<\/div>\n\t\t\t\t\t<\/div>\n\t\t<\/div>\n\t\t\t\t<div class=\"elementor-column elementor-col-50 elementor-top-column elementor-element elementor-element-b97a312\" data-id=\"b97a312\" data-element_type=\"column\" data-e-type=\"column\">\n\t\t\t<div class=\"elementor-widget-wrap elementor-element-populated\">\n\t\t\t\t\t\t<div class=\"elementor-element elementor-element-e0f6396 elementor-position-left elementor-vertical-align-middle elementor-widget elementor-widget-image-box\" data-id=\"e0f6396\" data-element_type=\"widget\" data-e-type=\"widget\" data-widget_type=\"image-box.default\">\n\t\t\t\t<div class=\"elementor-widget-container\">\n\t\t\t\t\t<div class=\"elementor-image-box-wrapper\"><figure class=\"elementor-image-box-img\"><img loading=\"lazy\" decoding=\"async\" width=\"703\" height=\"791\" src=\"https:\/\/mundum-gu.org\/wp-content\/uploads\/2020\/12\/sarahmaier1.png\" class=\"attachment-full size-full wp-image-338\" alt=\"Sarahmaier1\" title=\"\u00dcber Uns\" srcset=\"https:\/\/mundum-gu.org\/wp-content\/uploads\/2020\/12\/sarahmaier1.png 703w, https:\/\/mundum-gu.org\/wp-content\/uploads\/2020\/12\/sarahmaier1-267x300.png 267w, https:\/\/mundum-gu.org\/wp-content\/uploads\/2020\/12\/sarahmaier1-11x12.png 11w\" sizes=\"(max-width: 703px) 100vw, 703px\" \/><\/figure><div class=\"elementor-image-box-content\"><h1 class=\"elementor-image-box-title\">Schatzmeisterin<\/h1><p class=\"elementor-image-box-description\">Frau Sarah Maier<br>\nBonn Deutschland<\/p><\/div><\/div>\t\t\t\t<\/div>\n\t\t\t\t<\/div>\n\t\t\t\t\t<\/div>\n\t\t<\/div>\n\t\t\t\t\t<\/div>\n\t\t<\/section>\n\t\t\t\t<section class=\"elementor-section elementor-top-section elementor-element elementor-element-c393d10 elementor-section-boxed elementor-section-height-default elementor-section-height-default\" data-id=\"c393d10\" data-element_type=\"section\" data-e-type=\"section\">\n\t\t\t\t\t\t\t<div class=\"elementor-background-overlay\"><\/div>\n\t\t\t\t\t\t\t<div class=\"elementor-container elementor-column-gap-default\">\n\t\t\t\t\t<div class=\"elementor-column elementor-col-50 elementor-top-column elementor-element elementor-element-629f6fc\" data-id=\"629f6fc\" data-element_type=\"column\" data-e-type=\"column\">\n\t\t\t<div class=\"elementor-widget-wrap elementor-element-populated\">\n\t\t\t\t\t\t<div class=\"elementor-element elementor-element-52a52ab elementor-position-left elementor-vertical-align-middle elementor-widget elementor-widget-image-box\" data-id=\"52a52ab\" data-element_type=\"widget\" data-e-type=\"widget\" data-widget_type=\"image-box.default\">\n\t\t\t\t<div class=\"elementor-widget-container\">\n\t\t\t\t\t<div class=\"elementor-image-box-wrapper\"><figure class=\"elementor-image-box-img\"><img loading=\"lazy\" decoding=\"async\" width=\"1146\" height=\"1342\" src=\"https:\/\/mundum-gu.org\/wp-content\/uploads\/2020\/12\/evelynfr.png\" class=\"attachment-full size-full wp-image-343\" alt=\"Evelynfr\" title=\"\u00dcber Uns\" srcset=\"https:\/\/mundum-gu.org\/wp-content\/uploads\/2020\/12\/evelynfr.png 1146w, https:\/\/mundum-gu.org\/wp-content\/uploads\/2020\/12\/evelynfr-256x300.png 256w, https:\/\/mundum-gu.org\/wp-content\/uploads\/2020\/12\/evelynfr-874x1024.png 874w, https:\/\/mundum-gu.org\/wp-content\/uploads\/2020\/12\/evelynfr-768x899.png 768w, https:\/\/mundum-gu.org\/wp-content\/uploads\/2020\/12\/evelynfr-10x12.png 10w\" sizes=\"(max-width: 1146px) 100vw, 1146px\" \/><\/figure><div class=\"elementor-image-box-content\"><h1 class=\"elementor-image-box-title\">Sozialsekretarin<\/h1><p class=\"elementor-image-box-description\">Mrs Eveline Frunjang<br>Werl Deutschland<\/p><\/div><\/div>\t\t\t\t<\/div>\n\t\t\t\t<\/div>\n\t\t\t\t\t<\/div>\n\t\t<\/div>\n\t\t\t\t<div class=\"elementor-column elementor-col-50 elementor-top-column elementor-element elementor-element-c4fdb8d\" data-id=\"c4fdb8d\" data-element_type=\"column\" data-e-type=\"column\">\n\t\t\t<div class=\"elementor-widget-wrap elementor-element-populated\">\n\t\t\t\t\t\t<div class=\"elementor-element elementor-element-29e08ba elementor-position-left elementor-vertical-align-middle elementor-widget elementor-widget-image-box\" data-id=\"29e08ba\" data-element_type=\"widget\" data-e-type=\"widget\" data-widget_type=\"image-box.default\">\n\t\t\t\t<div class=\"elementor-widget-container\">\n\t\t\t\t\t<div class=\"elementor-image-box-wrapper\"><figure class=\"elementor-image-box-img\"><img loading=\"lazy\" decoding=\"async\" width=\"769\" height=\"908\" src=\"https:\/\/mundum-gu.org\/wp-content\/uploads\/2020\/10\/jane2s.png\" class=\"attachment-full size-full wp-image-264\" alt=\"Jane2s\" title=\"\u00dcber Uns\" srcset=\"https:\/\/mundum-gu.org\/wp-content\/uploads\/2020\/10\/jane2s.png 769w, https:\/\/mundum-gu.org\/wp-content\/uploads\/2020\/10\/jane2s-254x300.png 254w\" sizes=\"(max-width: 769px) 100vw, 769px\" \/><\/figure><div class=\"elementor-image-box-content\"><h1 class=\"elementor-image-box-title\">Stellvertretender Sozialsekret\u00e4rin<\/h1><p class=\"elementor-image-box-description\">Frau Jeanne Forminyen<br>Hagen Deutschland<\/p><\/div><\/div>\t\t\t\t<\/div>\n\t\t\t\t<\/div>\n\t\t\t\t\t<\/div>\n\t\t<\/div>\n\t\t\t\t\t<\/div>\n\t\t<\/section>\n\t\t\t\t<section class=\"elementor-section elementor-top-section elementor-element elementor-element-a450579 elementor-section-boxed elementor-section-height-default elementor-section-height-default\" data-id=\"a450579\" data-element_type=\"section\" data-e-type=\"section\">\n\t\t\t\t\t\t\t<div class=\"elementor-background-overlay\"><\/div>\n\t\t\t\t\t\t\t<div class=\"elementor-container elementor-column-gap-default\">\n\t\t\t\t\t<div class=\"elementor-column elementor-col-50 elementor-top-column elementor-element elementor-element-5e4ced4\" data-id=\"5e4ced4\" data-element_type=\"column\" data-e-type=\"column\">\n\t\t\t<div class=\"elementor-widget-wrap elementor-element-populated\">\n\t\t\t\t\t\t<div class=\"elementor-element elementor-element-f2eed90 elementor-position-left elementor-vertical-align-middle elementor-widget elementor-widget-image-box\" data-id=\"f2eed90\" data-element_type=\"widget\" data-e-type=\"widget\" data-widget_type=\"image-box.default\">\n\t\t\t\t<div class=\"elementor-widget-container\">\n\t\t\t\t\t<div class=\"elementor-image-box-wrapper\"><figure class=\"elementor-image-box-img\"><img loading=\"lazy\" decoding=\"async\" width=\"486\" height=\"556\" src=\"https:\/\/mundum-gu.org\/wp-content\/uploads\/2020\/10\/elizabeth.png\" class=\"attachment-full size-full wp-image-265\" alt=\"Elizabeth\" title=\"\u00dcber Uns\" srcset=\"https:\/\/mundum-gu.org\/wp-content\/uploads\/2020\/10\/elizabeth.png 486w, https:\/\/mundum-gu.org\/wp-content\/uploads\/2020\/10\/elizabeth-262x300.png 262w\" sizes=\"(max-width: 486px) 100vw, 486px\" \/><\/figure><div class=\"elementor-image-box-content\"><h1 class=\"elementor-image-box-title\">Chief Whip<\/h1><p class=\"elementor-image-box-description\">Frau Elizabeth Futu<br>Bochum Deutschland<\/p><\/div><\/div>\t\t\t\t<\/div>\n\t\t\t\t<\/div>\n\t\t\t\t\t<\/div>\n\t\t<\/div>\n\t\t\t\t<div class=\"elementor-column elementor-col-50 elementor-top-column elementor-element elementor-element-5cb7505\" data-id=\"5cb7505\" data-element_type=\"column\" data-e-type=\"column\">\n\t\t\t<div class=\"elementor-widget-wrap elementor-element-populated\">\n\t\t\t\t\t\t<div class=\"elementor-element elementor-element-4f5bd74 elementor-position-left elementor-vertical-align-middle elementor-widget elementor-widget-image-box\" data-id=\"4f5bd74\" data-element_type=\"widget\" data-e-type=\"widget\" data-widget_type=\"image-box.default\">\n\t\t\t\t<div class=\"elementor-widget-container\">\n\t\t\t\t\t<div class=\"elementor-image-box-wrapper\"><figure class=\"elementor-image-box-img\"><img loading=\"lazy\" decoding=\"async\" width=\"936\" height=\"1037\" src=\"https:\/\/mundum-gu.org\/wp-content\/uploads\/2020\/12\/Gerryr.png\" class=\"attachment-full size-full wp-image-332\" alt=\"Gerryr\" title=\"\u00dcber Uns\" srcset=\"https:\/\/mundum-gu.org\/wp-content\/uploads\/2020\/12\/Gerryr.png 936w, https:\/\/mundum-gu.org\/wp-content\/uploads\/2020\/12\/Gerryr-271x300.png 271w, https:\/\/mundum-gu.org\/wp-content\/uploads\/2020\/12\/Gerryr-924x1024.png 924w, https:\/\/mundum-gu.org\/wp-content\/uploads\/2020\/12\/Gerryr-768x851.png 768w, https:\/\/mundum-gu.org\/wp-content\/uploads\/2020\/12\/Gerryr-11x12.png 11w\" sizes=\"(max-width: 936px) 100vw, 936px\" \/><\/figure><div class=\"elementor-image-box-content\"><h1 class=\"elementor-image-box-title\">Advisory &amp; Technical Board<\/h1><p class=\"elementor-image-box-description\">Herr G. Maier<br>Bonn Deutschland<\/p><\/div><\/div>\t\t\t\t<\/div>\n\t\t\t\t<\/div>\n\t\t\t\t\t<\/div>\n\t\t<\/div>\n\t\t\t\t\t<\/div>\n\t\t<\/section>\n\t\t\t\t<\/div>","protected":false},"excerpt":{"rendered":"<p>Mundum Germany United e.V. MGU e.V. aims to advise and assist their members to be integrated in the German community. [&hellip;]<\/p>","protected":false},"author":1,"featured_media":0,"parent":0,"menu_order":0,"comment_status":"closed","ping_status":"closed","template":"elementor_header_footer","meta":{"_uag_custom_page_level_css":"","site-sidebar-layout":"default","site-content-layout":"","ast-site-content-layout":"default","site-content-style":"default","site-sidebar-style":"default","ast-global-header-display":"","ast-banner-title-visibility":"","ast-main-header-display":"","ast-hfb-above-header-display":"","ast-hfb-below-header-display":"","ast-hfb-mobile-header-display":"","site-post-title":"disabled","ast-breadcrumbs-content":"","ast-featured-img":"","footer-sml-layout":"","ast-disable-related-posts":"","theme-transparent-header-meta":"","adv-header-id-meta":"","stick-header-meta":"","header-above-stick-meta":"","header-main-stick-meta":"","header-below-stick-meta":"","astra-migrate-meta-layouts":"default","ast-page-background-enabled":"default","ast-page-background-meta":{"desktop":{"background-color":"var(--ast-global-color-4)","background-image":"","background-repeat":"repeat","background-position":"center center","background-size":"auto","background-attachment":"scroll","background-type":"","background-media":"","overlay-type":"","overlay-color":"","overlay-opacity":"","overlay-gradient":""},"tablet":{"background-color":"","background-image":"","background-repeat":"repeat","background-position":"center center","background-size":"auto","background-attachment":"scroll","background-type":"","background-media":"","overlay-type":"","overlay-color":"","overlay-opacity":"","overlay-gradient":""},"mobile":{"background-color":"","background-image":"","background-repeat":"repeat","background-position":"center center","background-size":"auto","background-attachment":"scroll","background-type":"","background-media":"","overlay-type":"","overlay-color":"","overlay-opacity":"","overlay-gradient":""}},"ast-content-background-meta":{"desktop":{"background-color":"var(--ast-global-color-5)","background-image":"","background-repeat":"repeat","background-position":"center center","background-size":"auto","background-attachment":"scroll","background-type":"","background-media":"","overlay-type":"","overlay-color":"","overlay-opacity":"","overlay-gradient":""},"tablet":{"background-color":"var(--ast-global-color-5)","background-image":"","background-repeat":"repeat","background-position":"center center","background-size":"auto","background-attachment":"scroll","background-type":"","background-media":"","overlay-type":"","overlay-color":"","overlay-opacity":"","overlay-gradient":""},"mobile":{"background-color":"var(--ast-global-color-5)","background-image":"","background-repeat":"repeat","background-position":"center center","background-size":"auto","background-attachment":"scroll","background-type":"","background-media":"","overlay-type":"","overlay-color":"","overlay-opacity":"","overlay-gradient":""}},"footnotes":""},"class_list":["post-16","page","type-page","status-publish","hentry"],"uagb_featured_image_src":{"full":false,"thumbnail":false,"medium":false,"medium_large":false,"large":false,"1536x1536":false,"2048x2048":false,"trp-custom-language-flag":false},"uagb_author_info":{"display_name":"admin","author_link":"https:\/\/mundum-gu.org\/de\/author\/admin\/"},"uagb_comment_info":0,"uagb_excerpt":"Mundum Germany United e.V. MGU e.V. aims to advise and assist their members to be integrated in the German community. [&hellip;]","_links":{"self":[{"href":"https:\/\/mundum-gu.org\/de\/wp-json\/wp\/v2\/pages\/16","targetHints":{"allow":["GET"]}}],"collection":[{"href":"https:\/\/mundum-gu.org\/de\/wp-json\/wp\/v2\/pages"}],"about":[{"href":"https:\/\/mundum-gu.org\/de\/wp-json\/wp\/v2\/types\/page"}],"author":[{"embeddable":true,"href":"https:\/\/mundum-gu.org\/de\/wp-json\/wp\/v2\/users\/1"}],"replies":[{"embeddable":true,"href":"https:\/\/mundum-gu.org\/de\/wp-json\/wp\/v2\/comments?post=16"}],"version-history":[{"count":91,"href":"https:\/\/mundum-gu.org\/de\/wp-json\/wp\/v2\/pages\/16\/revisions"}],"predecessor-version":[{"id":680,"href":"https:\/\/mundum-gu.org\/de\/wp-json\/wp\/v2\/pages\/16\/revisions\/680"}],"wp:attachment":[{"href":"https:\/\/mundum-gu.org\/de\/wp-json\/wp\/v2\/media?parent=16"}],"curies":[{"name":"wp","href":"https:\/\/api.w.org\/{rel}","templated":true}]}}